{"id":7811,"date":"2023-07-18T21:48:18","date_gmt":"2023-07-18T21:48:18","guid":{"rendered":"https:\/\/ab.alquimiai.com\/?page_id=7811"},"modified":"2023-08-09T22:57:38","modified_gmt":"2023-08-09T22:57:38","slug":"empresa","status":"publish","type":"page","link":"https:\/\/www.mavcontadores.com.mx\/?page_id=7811","title":{"rendered":"Empresa"},"content":{"rendered":"\t\t<div data-elementor-type=\"wp-page\" data-elementor-id=\"7811\" class=\"elementor elementor-7811\">\n\t\t\t\t\t\t\t\t\t<section class=\"elementor-section elementor-top-section elementor-element elementor-element-e30deb7 elementor-section-height-min-height elementor-section-boxed elementor-section-height-default elementor-section-items-middle\" data-id=\"e30deb7\" data-element_type=\"section\" data-settings=\"{&quot;animation&quot;:&quot;none&quot;,&quot;background_background&quot;:&quot;gradient&quot;}\">\n\t\t\t\t\t\t\t<div class=\"elementor-background-overlay\"><\/div>\n\t\t\t\t\t\t\t<div class=\"elementor-container elementor-column-gap-default\">\n\t\t\t\t\t<div class=\"elementor-column elementor-col-100 elementor-top-column elementor-element elementor-element-3db36a8\" data-id=\"3db36a8\" data-element_type=\"column\">\n\t\t\t<div class=\"elementor-widget-wrap elementor-element-populated\">\n\t\t\t\t\t\t\t\t<section class=\"elementor-section elementor-inner-section elementor-element elementor-element-c2aeb67 elementor-section-boxed elementor-section-height-default elementor-section-height-default\" data-id=\"c2aeb67\" data-element_type=\"section\">\n\t\t\t\t\t\t<div class=\"elementor-container elementor-column-gap-default\">\n\t\t\t\t\t<div class=\"elementor-column elementor-col-100 elementor-inner-column elementor-element elementor-element-81edb4f\" data-id=\"81edb4f\" data-element_type=\"column\">\n\t\t\t<div class=\"elementor-widget-wrap elementor-element-populated\">\n\t\t\t\t\t\t\t\t<div class=\"elementor-element elementor-element-54eedea elementor-invisible elementor-widget elementor-widget-heading\" data-id=\"54eedea\" data-element_type=\"widget\" data-settings=\"{&quot;_animation&quot;:&quot;fadeInDown&quot;}\" data-widget_type=\"heading.default\">\n\t\t\t\t<div class=\"elementor-widget-container\">\n\t\t\t<style>\/*! elementor - v3.14.0 - 26-06-2023 *\/\n.elementor-heading-title{padding:0;margin:0;line-height:1}.elementor-widget-heading .elementor-heading-title[class*=elementor-size-]>a{color:inherit;font-size:inherit;line-height:inherit}.elementor-widget-heading .elementor-heading-title.elementor-size-small{font-size:15px}.elementor-widget-heading .elementor-heading-title.elementor-size-medium{font-size:19px}.elementor-widget-heading .elementor-heading-title.elementor-size-large{font-size:29px}.elementor-widget-heading .elementor-heading-title.elementor-size-xl{font-size:39px}.elementor-widget-heading .elementor-heading-title.elementor-size-xxl{font-size:59px}<\/style><h2 class=\"elementor-heading-title elementor-size-default\">\u00bfQui\u00e9nes somos?<\/h2>\t\t<\/div>\n\t\t\t\t<\/div>\n\t\t\t\t\t<\/div>\n\t\t<\/div>\n\t\t\t\t\t\t\t<\/div>\n\t\t<\/section>\n\t\t\t\t\t<\/div>\n\t\t<\/div>\n\t\t\t\t\t\t\t<\/div>\n\t\t<\/section>\n\t\t\t\t<section class=\"elementor-section elementor-top-section elementor-element elementor-element-634062b elementor-section-height-min-height elementor-section-boxed elementor-section-height-default elementor-section-items-middle\" data-id=\"634062b\" data-element_type=\"section\" data-settings=\"{&quot;background_background&quot;:&quot;gradient&quot;}\">\n\t\t\t\t\t\t<div class=\"elementor-container elementor-column-gap-default\">\n\t\t\t\t\t<div class=\"elementor-column elementor-col-100 elementor-top-column elementor-element elementor-element-190bc1e elementor-invisible\" data-id=\"190bc1e\" data-element_type=\"column\" data-settings=\"{&quot;background_background&quot;:&quot;classic&quot;,&quot;animation&quot;:&quot;fadeInUp&quot;,&quot;animation_delay&quot;:200}\">\n\t\t\t<div class=\"elementor-widget-wrap elementor-element-populated\">\n\t\t\t\t\t\t\t\t<div class=\"elementor-element elementor-element-9142d6c elementor-widget-mobile__width-initial elementor-widget elementor-widget-text-editor\" data-id=\"9142d6c\" data-element_type=\"widget\" data-widget_type=\"text-editor.default\">\n\t\t\t\t<div class=\"elementor-widget-container\">\n\t\t\t<style>\/*! elementor - v3.14.0 - 26-06-2023 *\/\n.elementor-widget-text-editor.elementor-drop-cap-view-stacked .elementor-drop-cap{background-color:#69727d;color:#fff}.elementor-widget-text-editor.elementor-drop-cap-view-framed .elementor-drop-cap{color:#69727d;border:3px solid;background-color:transparent}.elementor-widget-text-editor:not(.elementor-drop-cap-view-default) .elementor-drop-cap{margin-top:8px}.elementor-widget-text-editor:not(.elementor-drop-cap-view-default) .elementor-drop-cap-letter{width:1em;height:1em}.elementor-widget-text-editor .elementor-drop-cap{float:left;text-align:center;line-height:1;font-size:50px}.elementor-widget-text-editor .elementor-drop-cap-letter{display:inline-block}<\/style>\t\t\t\t<p id=\"u2813-4\" class=\"cont-front clearfix colelem shared_content\" data-muse-temp-textcontainer-sizepolicy=\"true\" data-muse-temp-textcontainer-pinning=\"true\" data-muse-uid=\"U2813\" data-muse-type=\"txt_frame\" data-ibe-flags=\"txtStyleSrc\" data-content-guid=\"u2813-4_content\">Somos una <strong>firma mexicana de contadores p\u00fablicos<\/strong> fundada en 1990 bajo la raz\u00f3n social de Mendoza Alcaraz Asesoria Contable y Fiscal S.C. En el a\u00f1o 2010 se decide cambiar de raz\u00f3n social a MAV Contadores P\u00fablicos y Asociados S.C.<\/p><div id=\"u2814-4\" class=\"puntos-especiales-just clearfix colelem shared_content\" data-muse-temp-textcontainer-sizepolicy=\"true\" data-muse-temp-textcontainer-pinning=\"true\" data-muse-uid=\"U2814\" data-muse-type=\"txt_frame\" data-ibe-flags=\"txtStyleSrc\" data-content-guid=\"u2814-4_content\"><p>Desde el inicio la firma se ha encaminado a la prestaci\u00f3n de servicios contables y en forma complementaria la prestaci\u00f3n de servicios profesionales multidisciplinarios de consultor\u00eda.<\/p><\/div>\t\t\t\t\t\t<\/div>\n\t\t\t\t<\/div>\n\t\t\t\t\t<\/div>\n\t\t<\/div>\n\t\t\t\t\t\t\t<\/div>\n\t\t<\/section>\n\t\t\t\t<section class=\"elementor-section elementor-top-section elementor-element elementor-element-aa8ad62 elementor-section-height-min-height elementor-section-boxed elementor-section-height-default elementor-section-items-middle\" data-id=\"aa8ad62\" data-element_type=\"section\" data-settings=\"{&quot;background_background&quot;:&quot;classic&quot;}\">\n\t\t\t\t\t\t<div class=\"elementor-container elementor-column-gap-default\">\n\t\t\t\t\t<div class=\"elementor-column elementor-col-100 elementor-top-column elementor-element elementor-element-92cb0b8\" data-id=\"92cb0b8\" data-element_type=\"column\">\n\t\t\t<div class=\"elementor-widget-wrap elementor-element-populated\">\n\t\t\t\t\t\t\t\t<div class=\"elementor-element elementor-element-74e0909 elementor-invisible elementor-widget elementor-widget-athens_elementor_heading\" data-id=\"74e0909\" data-element_type=\"widget\" data-settings=\"{&quot;_animation&quot;:&quot;fadeInDown&quot;}\" data-widget_type=\"athens_elementor_heading.default\">\n\t\t\t\t<div class=\"elementor-widget-container\">\n\t\t\t\t\t<div class=\"ova-heading template3\">\n\t\t\t\t\t\t\t<!-- Title -->\n\t\t\t\t<h2 class=\"title\">\t\t\t\t\t\t\t\t\t\t\t<a href=\"#\">\n\t\t\t\t\t\t\tConoce porque somos los mejores\t\t\t\t\t\t<\/a>\n\t\t\t\t\t\t\t\t\t<\/h2>\t\t\t\t<!-- Description -->\n\t\t\t\t\n\t\t\t\t\t<\/div>\n\t\t\t\t<\/div>\n\t\t\t\t<\/div>\n\t\t\t\t<section class=\"elementor-section elementor-inner-section elementor-element elementor-element-5449d96 elementor-section-boxed elementor-section-height-default elementor-section-height-default\" data-id=\"5449d96\" data-element_type=\"section\">\n\t\t\t\t\t\t<div class=\"elementor-container elementor-column-gap-extended\">\n\t\t\t\t\t<div class=\"elementor-column elementor-col-50 elementor-inner-column elementor-element elementor-element-c8c56dd\" data-id=\"c8c56dd\" data-element_type=\"column\">\n\t\t\t<div class=\"elementor-widget-wrap elementor-element-populated\">\n\t\t\t\t\t\t\t\t<div class=\"elementor-element elementor-element-a63b227 elementor-widget elementor-widget-athens_elementor_awards\" data-id=\"a63b227\" data-element_type=\"widget\" data-widget_type=\"athens_elementor_awards.default\">\n\t\t\t\t<div class=\"elementor-widget-container\">\n\t\t\t            \n        <div class=\"ova-awards\">\n\n\t\t\t<div class=\"img\">\n\t\t\t\t<img decoding=\"async\" src=\"https:\/\/ab.alquimiai.com\/wp-content\/uploads\/2021\/10\/awards-1.jpg\" class=\"awards-img\" alt=\"Awards\">\n\t\t\t<\/div>\n\n\t\t\t<div class=\"info\">\n\n\t\t\t\t\n\t\t\t\t\n\t\t\t<\/div>\n\t\t\t\n\t\t<\/div>\n\n\t\t\t\t<\/div>\n\t\t\t\t<\/div>\n\t\t\t\t<div class=\"elementor-element elementor-element-08050c2 elementor-invisible elementor-widget elementor-widget-athens_elementor_heading\" data-id=\"08050c2\" data-element_type=\"widget\" data-settings=\"{&quot;_animation&quot;:&quot;fadeInDown&quot;,&quot;_animation_delay&quot;:300}\" data-widget_type=\"athens_elementor_heading.default\">\n\t\t\t\t<div class=\"elementor-widget-container\">\n\t\t\t\t\t<div class=\"ova-heading template2\">\n\t\t\t\t\t\t\t<!-- Title -->\n\t\t\t\t<h2 class=\"title\">\t\t\t\t\t\t\t\t\t\t\tMisi\u00f3n\t\t\t\t\t\t\t\t\t<\/h2>\t\t\t\t<!-- Description -->\n\t\t\t\t\t\t\t\t\t<p class=\"description\">Ofrecer a nuestros clientes y amigos un servicio contable-fiscal de calidad de acuerdo a las legislaciones vigentes en nuestro pa\u00eds, logrando como resultado de esto valor agregado a sus negocios.<\/p>\n\t\t\t\t\n\t\t\t\t\t<\/div>\n\t\t\t\t<\/div>\n\t\t\t\t<\/div>\n\t\t\t\t\t<\/div>\n\t\t<\/div>\n\t\t\t\t<div class=\"elementor-column elementor-col-50 elementor-inner-column elementor-element elementor-element-0bec2b2\" data-id=\"0bec2b2\" data-element_type=\"column\">\n\t\t\t<div class=\"elementor-widget-wrap elementor-element-populated\">\n\t\t\t\t\t\t\t\t<div class=\"elementor-element elementor-element-3ddd941 elementor-widget elementor-widget-athens_elementor_awards\" data-id=\"3ddd941\" data-element_type=\"widget\" data-widget_type=\"athens_elementor_awards.default\">\n\t\t\t\t<div class=\"elementor-widget-container\">\n\t\t\t            \n        <div class=\"ova-awards\">\n\n\t\t\t<div class=\"img\">\n\t\t\t\t<img decoding=\"async\" src=\"https:\/\/ab.alquimiai.com\/wp-content\/uploads\/2021\/10\/awards-2.jpg\" class=\"awards-img\" alt=\"Awards\">\n\t\t\t<\/div>\n\n\t\t\t<div class=\"info\">\n\n\t\t\t\t\n\t\t\t\t\n\t\t\t<\/div>\n\t\t\t\n\t\t<\/div>\n\n\t\t\t\t<\/div>\n\t\t\t\t<\/div>\n\t\t\t\t<div class=\"elementor-element elementor-element-c7b368f elementor-invisible elementor-widget elementor-widget-athens_elementor_heading\" data-id=\"c7b368f\" data-element_type=\"widget\" data-settings=\"{&quot;_animation&quot;:&quot;fadeInDown&quot;,&quot;_animation_delay&quot;:300}\" data-widget_type=\"athens_elementor_heading.default\">\n\t\t\t\t<div class=\"elementor-widget-container\">\n\t\t\t\t\t<div class=\"ova-heading template2\">\n\t\t\t\t\t\t\t<!-- Title -->\n\t\t\t\t<h2 class=\"title\">\t\t\t\t\t\t\t\t\t\t\tVisi\u00f3n\t\t\t\t\t\t\t\t\t<\/h2>\t\t\t\t<!-- Description -->\n\t\t\t\t\t\t\t\t\t<p class=\"description\">Establecernos como un despacho-consultor donde tanto nuestros empleados, clientes y accionistas se beneficien por el buen actuar del despacho mediante una estructura organizacional s\u00f3lida e infraestructura propia.<\/p>\n\t\t\t\t\n\t\t\t\t\t<\/div>\n\t\t\t\t<\/div>\n\t\t\t\t<\/div>\n\t\t\t\t\t<\/div>\n\t\t<\/div>\n\t\t\t\t\t\t\t<\/div>\n\t\t<\/section>\n\t\t\t\t\t<\/div>\n\t\t<\/div>\n\t\t\t\t\t\t\t<\/div>\n\t\t<\/section>\n\t\t\t\t<section class=\"elementor-section elementor-top-section elementor-element elementor-element-0a436d2 elementor-section-height-min-height elementor-section-boxed elementor-section-height-default elementor-section-items-middle\" data-id=\"0a436d2\" data-element_type=\"section\">\n\t\t\t\t\t\t\t<div class=\"elementor-background-overlay\"><\/div>\n\t\t\t\t\t\t\t<div class=\"elementor-container elementor-column-gap-default\">\n\t\t\t\t\t<div class=\"elementor-column elementor-col-100 elementor-top-column elementor-element elementor-element-b7202e9\" data-id=\"b7202e9\" data-element_type=\"column\">\n\t\t\t<div class=\"elementor-widget-wrap elementor-element-populated\">\n\t\t\t\t\t\t\t\t<div class=\"elementor-element elementor-element-6460e85 animated-slow elementor-invisible elementor-widget elementor-widget-athens_elementor_heading\" data-id=\"6460e85\" data-element_type=\"widget\" data-settings=\"{&quot;_animation&quot;:&quot;fadeInDown&quot;,&quot;_animation_delay&quot;:400}\" data-widget_type=\"athens_elementor_heading.default\">\n\t\t\t\t<div class=\"elementor-widget-container\">\n\t\t\t\t\t<div class=\"ova-heading template1\">\n\t\t\t\t\t\t\t\n\t\t\t\t<h2 class=\"title\">\t\t\t\t\t\t\t\t\t\t\tValores\t\t\t\t\t\t\t\t\t<\/h2>\n\t\t\t\t\t<\/div>\n\t\t\t\t<\/div>\n\t\t\t\t<\/div>\n\t\t\t\t<section class=\"elementor-section elementor-inner-section elementor-element elementor-element-0533021 elementor-section-height-min-height elementor-section-boxed elementor-section-height-default\" data-id=\"0533021\" data-element_type=\"section\">\n\t\t\t\t\t\t<div class=\"elementor-container elementor-column-gap-default\">\n\t\t\t\t\t<div class=\"elementor-column elementor-col-50 elementor-inner-column elementor-element elementor-element-c2a915a elementor-hidden-tablet elementor-hidden-mobile\" data-id=\"c2a915a\" data-element_type=\"column\" data-settings=\"{&quot;background_background&quot;:&quot;classic&quot;}\">\n\t\t\t<div class=\"elementor-widget-wrap\">\n\t\t\t\t\t<div class=\"elementor-background-overlay\"><\/div>\n\t\t\t\t\t\t\t\t\t<\/div>\n\t\t<\/div>\n\t\t\t\t<div class=\"elementor-column elementor-col-50 elementor-inner-column elementor-element elementor-element-b3a633d\" data-id=\"b3a633d\" data-element_type=\"column\">\n\t\t\t<div class=\"elementor-widget-wrap elementor-element-populated\">\n\t\t\t\t\t\t\t\t<div class=\"elementor-element elementor-element-ffb5522 elementor-invisible elementor-widget elementor-widget-athens_elementor_practice_areas2\" data-id=\"ffb5522\" data-element_type=\"widget\" data-settings=\"{&quot;_animation&quot;:&quot;ova-move-right&quot;,&quot;_animation_tablet&quot;:&quot;none&quot;,&quot;_animation_delay&quot;:300}\" data-widget_type=\"athens_elementor_practice_areas2.default\">\n\t\t\t\t<div class=\"elementor-widget-container\">\n\t\t\t\n            \n                 \n                                     \n\t\t\t\t      <div class=\"ova-practice-areas2-template3\">\n\n\t\t\t\t      \t<div class=\"top\">\n\n                      \t    \t\t\t\t\t\t\t\t<div class=\"icon\">\n\t\t\t\t                    <i aria-hidden=\"true\" class=\"flaticon flaticon-avatar-1\"><\/i>\t\t\t\t\t\t\t\t<\/div>\n\t\t                    \n                            \t\t\t\t\t\t\t\t<h2 class=\"title\">\n\t\t\t\t\t\t\t\t\tCalidad en el servicio ofrecido\t\t\t\t\t\t\t\t<\/h2>\n\t\t\t\t\t\t\t\n\t\t\t\t\t\t\t\n                        <\/div>\n\t\t           \n\t\t\t\t\t\t<div class=\"bottom\">\n\t\t                    \n\t\t\t\t\t\t\t                            <div class=\"line-bottom\"><\/div> \n\t\t\t\t\t\t<\/div>\n\t                \n\t\t\t\t\t<\/div>\n\n\t\t\t\t\n            \n\t\t\t\t<\/div>\n\t\t\t\t<\/div>\n\t\t\t\t<div class=\"elementor-element elementor-element-7dc66a3 elementor-invisible elementor-widget elementor-widget-athens_elementor_practice_areas2\" data-id=\"7dc66a3\" data-element_type=\"widget\" data-settings=\"{&quot;_animation&quot;:&quot;ova-move-right&quot;,&quot;_animation_tablet&quot;:&quot;none&quot;,&quot;_animation_delay&quot;:300}\" data-widget_type=\"athens_elementor_practice_areas2.default\">\n\t\t\t\t<div class=\"elementor-widget-container\">\n\t\t\t\n            \n                 \n                                     \n\t\t\t\t      <div class=\"ova-practice-areas2-template3\">\n\n\t\t\t\t      \t<div class=\"top\">\n\n                      \t    \t\t\t\t\t\t\t\t<div class=\"icon\">\n\t\t\t\t                    <i aria-hidden=\"true\" class=\"flaticon flaticon-care\"><\/i>\t\t\t\t\t\t\t\t<\/div>\n\t\t                    \n                            \t\t\t\t\t\t\t\t<h2 class=\"title\">\n\t\t\t\t\t\t\t\t\tServicio y atenci\u00f3n al cliente\t\t\t\t\t\t\t\t<\/h2>\n\t\t\t\t\t\t\t\n\t\t\t\t\t\t\t\n                        <\/div>\n\t\t           \n\t\t\t\t\t\t<div class=\"bottom\">\n\t\t                    \n\t\t\t\t\t\t\t                            <div class=\"line-bottom\"><\/div> \n\t\t\t\t\t\t<\/div>\n\t                \n\t\t\t\t\t<\/div>\n\n\t\t\t\t\n            \n\t\t\t\t<\/div>\n\t\t\t\t<\/div>\n\t\t\t\t<div class=\"elementor-element elementor-element-3c29a8e elementor-invisible elementor-widget elementor-widget-athens_elementor_practice_areas2\" data-id=\"3c29a8e\" data-element_type=\"widget\" data-settings=\"{&quot;_animation&quot;:&quot;ova-move-right&quot;,&quot;_animation_tablet&quot;:&quot;none&quot;,&quot;_animation_delay&quot;:300}\" data-widget_type=\"athens_elementor_practice_areas2.default\">\n\t\t\t\t<div class=\"elementor-widget-container\">\n\t\t\t\n            \n                 \n                                     \n\t\t\t\t      <div class=\"ova-practice-areas2-template3\">\n\n\t\t\t\t      \t<div class=\"top\">\n\n                      \t    \t\t\t\t\t\t\t\t<div class=\"icon\">\n\t\t\t\t                    <i aria-hidden=\"true\" class=\"flaticon flaticon-idea\"><\/i>\t\t\t\t\t\t\t\t<\/div>\n\t\t                    \n                            \t\t\t\t\t\t\t\t<h2 class=\"title\">\n\t\t\t\t\t\t\t\t\tInnovaci\u00f3n\t\t\t\t\t\t\t\t<\/h2>\n\t\t\t\t\t\t\t\n\t\t\t\t\t\t\t\n                        <\/div>\n\t\t           \n\t\t\t\t\t\t<div class=\"bottom\">\n\t\t                    \n\t\t\t\t\t\t\t                            <div class=\"line-bottom\"><\/div> \n\t\t\t\t\t\t<\/div>\n\t                \n\t\t\t\t\t<\/div>\n\n\t\t\t\t\n            \n\t\t\t\t<\/div>\n\t\t\t\t<\/div>\n\t\t\t\t<div class=\"elementor-element elementor-element-853d389 elementor-invisible elementor-widget elementor-widget-athens_elementor_practice_areas2\" data-id=\"853d389\" data-element_type=\"widget\" data-settings=\"{&quot;_animation&quot;:&quot;ova-move-right&quot;,&quot;_animation_tablet&quot;:&quot;none&quot;,&quot;_animation_delay&quot;:300}\" data-widget_type=\"athens_elementor_practice_areas2.default\">\n\t\t\t\t<div class=\"elementor-widget-container\">\n\t\t\t\n            \n                 \n                                     \n\t\t\t\t      <div class=\"ova-practice-areas2-template3\">\n\n\t\t\t\t      \t<div class=\"top\">\n\n                      \t    \t\t\t\t\t\t\t\t<div class=\"icon\">\n\t\t\t\t                    <i aria-hidden=\"true\" class=\"flaticon flaticon-agreement\"><\/i>\t\t\t\t\t\t\t\t<\/div>\n\t\t                    \n                            \t\t\t\t\t\t\t\t<h2 class=\"title\">\n\t\t\t\t\t\t\t\t\tHonestidad\t\t\t\t\t\t\t\t<\/h2>\n\t\t\t\t\t\t\t\n\t\t\t\t\t\t\t\n                        <\/div>\n\t\t           \n\t\t\t\t\t\t<div class=\"bottom\">\n\t\t                    \n\t\t\t\t\t\t\t                            <div class=\"line-bottom\"><\/div> \n\t\t\t\t\t\t<\/div>\n\t                \n\t\t\t\t\t<\/div>\n\n\t\t\t\t\n            \n\t\t\t\t<\/div>\n\t\t\t\t<\/div>\n\t\t\t\t<div class=\"elementor-element elementor-element-7836423 elementor-invisible elementor-widget elementor-widget-athens_elementor_practice_areas2\" data-id=\"7836423\" data-element_type=\"widget\" data-settings=\"{&quot;_animation&quot;:&quot;ova-move-right&quot;,&quot;_animation_tablet&quot;:&quot;none&quot;,&quot;_animation_delay&quot;:300}\" data-widget_type=\"athens_elementor_practice_areas2.default\">\n\t\t\t\t<div class=\"elementor-widget-container\">\n\t\t\t\n            \n                 \n                                     \n\t\t\t\t      <div class=\"ova-practice-areas2-template3\">\n\n\t\t\t\t      \t<div class=\"top\">\n\n                      \t    \t\t\t\t\t\t\t\t<div class=\"icon\">\n\t\t\t\t                    <i aria-hidden=\"true\" class=\"flaticon flaticon-hands\"><\/i>\t\t\t\t\t\t\t\t<\/div>\n\t\t                    \n                            \t\t\t\t\t\t\t\t<h2 class=\"title\">\n\t\t\t\t\t\t\t\t\tLealtad\t\t\t\t\t\t\t\t<\/h2>\n\t\t\t\t\t\t\t\n\t\t\t\t\t\t\t\n                        <\/div>\n\t\t           \n\t\t\t\t\t\t<div class=\"bottom\">\n\t\t                    \n\t\t\t\t\t\t\t                            <div class=\"line-bottom\"><\/div> \n\t\t\t\t\t\t<\/div>\n\t                \n\t\t\t\t\t<\/div>\n\n\t\t\t\t\n            \n\t\t\t\t<\/div>\n\t\t\t\t<\/div>\n\t\t\t\t\t<\/div>\n\t\t<\/div>\n\t\t\t\t\t\t\t<\/div>\n\t\t<\/section>\n\t\t\t\t\t<\/div>\n\t\t<\/div>\n\t\t\t\t\t\t\t<\/div>\n\t\t<\/section>\n\t\t\t\t<section class=\"elementor-section elementor-top-section elementor-element elementor-element-8541c08 elementor-section-height-min-height elementor-section-boxed elementor-section-height-default elementor-section-items-middle\" data-id=\"8541c08\" data-element_type=\"section\" data-settings=\"{&quot;background_background&quot;:&quot;gradient&quot;}\">\n\t\t\t\t\t\t\t<div class=\"elementor-background-overlay\"><\/div>\n\t\t\t\t\t\t\t<div class=\"elementor-container elementor-column-gap-default\">\n\t\t\t\t\t<div class=\"elementor-column elementor-col-100 elementor-top-column elementor-element elementor-element-c8ab9e6\" data-id=\"c8ab9e6\" data-element_type=\"column\">\n\t\t\t<div class=\"elementor-widget-wrap elementor-element-populated\">\n\t\t\t\t\t\t\t\t<div class=\"elementor-element elementor-element-3256bee elementor-widget elementor-widget-athens_elementor_heading\" data-id=\"3256bee\" data-element_type=\"widget\" data-widget_type=\"athens_elementor_heading.default\">\n\t\t\t\t<div class=\"elementor-widget-container\">\n\t\t\t\t\t<div class=\"ova-heading template2\">\n\t\t\t\t\t\t\t<!-- Title -->\n\t\t\t\t<h2 class=\"title\">\t\t\t\t\t\t\t\t\t\t\tActualmente\t\t\t\t\t\t\t\t\t<\/h2>\t\t\t\t<!-- Description -->\n\t\t\t\t\t\t\t\t\t<p class=\"description\">La firma cuenta con oficinas propias en la ciudad de Guadalajara, sin embargo, contamos con sociedades comerciales que nos permiten brindarle el mejor de los servicio en toda la Rep\u00fablica Mexicana.<\/p>\n\t\t\t\t\n\t\t\t\t\t<\/div>\n\t\t\t\t<\/div>\n\t\t\t\t<\/div>\n\t\t\t\t<div class=\"elementor-element elementor-element-fe04b6d elementor-widget elementor-widget-spacer\" data-id=\"fe04b6d\" data-element_type=\"widget\" data-widget_type=\"spacer.default\">\n\t\t\t\t<div class=\"elementor-widget-container\">\n\t\t\t<style>\/*! elementor - v3.14.0 - 26-06-2023 *\/\n.elementor-column .elementor-spacer-inner{height:var(--spacer-size)}.e-con{--container-widget-width:100%}.e-con-inner>.elementor-widget-spacer,.e-con>.elementor-widget-spacer{width:var(--container-widget-width,var(--spacer-size));--align-self:var(--container-widget-align-self,initial);--flex-shrink:0}.e-con-inner>.elementor-widget-spacer>.elementor-widget-container,.e-con-inner>.elementor-widget-spacer>.elementor-widget-container>.elementor-spacer,.e-con>.elementor-widget-spacer>.elementor-widget-container,.e-con>.elementor-widget-spacer>.elementor-widget-container>.elementor-spacer{height:100%}.e-con-inner>.elementor-widget-spacer>.elementor-widget-container>.elementor-spacer>.elementor-spacer-inner,.e-con>.elementor-widget-spacer>.elementor-widget-container>.elementor-spacer>.elementor-spacer-inner{height:var(--container-widget-height,var(--spacer-size))}<\/style>\t\t<div class=\"elementor-spacer\">\n\t\t\t<div class=\"elementor-spacer-inner\"><\/div>\n\t\t<\/div>\n\t\t\t\t<\/div>\n\t\t\t\t<\/div>\n\t\t\t\t<div class=\"elementor-element elementor-element-32abe28 elementor-align-center elementor-invisible elementor-widget elementor-widget-button\" data-id=\"32abe28\" data-element_type=\"widget\" data-settings=\"{&quot;_animation&quot;:&quot;ova-scale-up&quot;,&quot;_animation_delay&quot;:900,&quot;_animation_tablet&quot;:&quot;none&quot;,&quot;_animation_mobile&quot;:&quot;none&quot;}\" data-widget_type=\"button.default\">\n\t\t\t\t<div class=\"elementor-widget-container\">\n\t\t\t\t\t<div class=\"elementor-button-wrapper\">\n\t\t\t<a class=\"elementor-button elementor-button-link elementor-size-sm elementor-animation-bob\" href=\"https:\/\/ab.alquimiai.com\/?page_id=7848\">\n\t\t\t\t\t\t<span class=\"elementor-button-content-wrapper\">\n\t\t\t\t\t\t<span class=\"elementor-button-text\">contactanos<\/span>\n\t\t<\/span>\n\t\t\t\t\t<\/a>\n\t\t<\/div>\n\t\t\t\t<\/div>\n\t\t\t\t<\/div>\n\t\t\t\t\t<\/div>\n\t\t<\/div>\n\t\t\t\t\t\t\t<\/div>\n\t\t<\/section>\n\t\t\t\t\t\t\t<\/div>\n\t\t","protected":false},"excerpt":{"rendered":"<p>\u00bfQui\u00e9nes somos? Somos una firma mexicana de contadores p\u00fablicos fundada en 1990 bajo la raz\u00f3n social de Mendoza Alcaraz Asesoria Contable y Fiscal S.C. En el a\u00f1o 2010 se decide cambiar de raz\u00f3n social a MAV Contadores P\u00fablicos y Asociados S.C. Desde el inicio la firma se ha encaminado a la prestaci\u00f3n de servicios contables [&hellip;]<\/p>\n","protected":false},"author":1,"featured_media":0,"parent":0,"menu_order":0,"comment_status":"closed","ping_status":"closed","template":"elementor_header_footer","meta":{"footnotes":""},"class_list":["post-7811","page","type-page","status-publish","hentry"],"_links":{"self":[{"href":"https:\/\/www.mavcontadores.com.mx\/index.php?rest_route=\/wp\/v2\/pages\/7811","targetHints":{"allow":["GET"]}}],"collection":[{"href":"https:\/\/www.mavcontadores.com.mx\/index.php?rest_route=\/wp\/v2\/pages"}],"about":[{"href":"https:\/\/www.mavcontadores.com.mx\/index.php?rest_route=\/wp\/v2\/types\/page"}],"author":[{"embeddable":true,"href":"https:\/\/www.mavcontadores.com.mx\/index.php?rest_route=\/wp\/v2\/users\/1"}],"replies":[{"embeddable":true,"href":"https:\/\/www.mavcontadores.com.mx\/index.php?rest_route=%2Fwp%2Fv2%2Fcomments&post=7811"}],"version-history":[{"count":142,"href":"https:\/\/www.mavcontadores.com.mx\/index.php?rest_route=\/wp\/v2\/pages\/7811\/revisions"}],"predecessor-version":[{"id":8586,"href":"https:\/\/www.mavcontadores.com.mx\/index.php?rest_route=\/wp\/v2\/pages\/7811\/revisions\/8586"}],"wp:attachment":[{"href":"https:\/\/www.mavcontadores.com.mx\/index.php?rest_route=%2Fwp%2Fv2%2Fmedia&parent=7811"}],"curies":[{"name":"wp","href":"https:\/\/api.w.org\/{rel}","templated":true}]}}